{"id":54,"date":"2022-01-30T11:55:35","date_gmt":"2022-01-30T10:55:35","guid":{"rendered":"http:\/\/wp12778310.server-he.de\/?page_id=54"},"modified":"2022-02-03T16:08:24","modified_gmt":"2022-02-03T15:08:24","slug":"datenschutz","status":"publish","type":"page","link":"https:\/\/www.hausarztpraxis-gummelt.de\/index.php\/datenschutz-impressum\/datenschutz\/","title":{"rendered":"Datenschutz"},"content":{"rendered":"\n<h1 class=\"wp-block-heading\" id=\"datenschutzerklarung-der-hausarztpraxis-frank-gummelt\">Datenschutzerkl\u00e4rung der Hausarztpraxis Frank Gummelt<\/h1>\n\n\n\n<p class=\"has-medium-font-size\">Sehr geehrte Damen und Herren, sehr geehrte Patientinnen und Patienten,<br><br>der Schutz Ihrer personenbezogenen Daten ist uns wichtig. Nach der EU\u2010Datenschutzgrundverordnung (DSGVO), Bundesdatenschutzgesetz (BDSG) und Telemediengesetz (TMG) sind wir verpflichtet, Sie dar\u00fcber zu informieren, zu welchem Zweck auf unserer Homepage personenbezogene Daten erhoben und verwendet werden, auf welche Art dies geschieht und welchen Umfang dies hat. Dieser Information k\u00f6nnen Sie auch entnehmen, welche Rechte Sie hinsichtlich des Datenschutzes haben. Diese Datenschutzerkl\u00e4rung bezieht sich auf unser Internetangebot. Sie bezieht sich ausdr\u00fccklich nicht auf das Behandlungsverh\u00e4ltnis. Hier werden Sie bei Besuch der Praxis gesondert informiert.<\/p>\n\n\n\n<h2 class=\"wp-block-heading\" id=\"datenschutzerklarung\">Datenschutzerkl\u00e4rung<\/h2>\n\n\n\n<h3 class=\"wp-block-heading\" id=\"verantwortlich\">Verantwortlich<\/h3>\n\n\n\n<p>Verantwortlich f\u00fcr diese Webseite ist (siehe auch unser <a href=\"https:\/\/www.hausarztpraxis-gummelt.de\/?impressum\">Impressum<\/a>:<br><br>Frank Gummelt<br><br>Rathergasse 8<br>53894 Mechernich<br><br>02443\/98210<br><br><\/p>\n\n\n\n<h3 class=\"wp-block-heading\" id=\"datenschutzbeauftragter\">Datenschutzbeauftragter<\/h3>\n\n\n\n<p>Sie erreichen den Datenschutzbeauftragten der Hausarztpraxis Gummelt unter:<br><a href=\"mailto:datenschutz@hausarztpraxis-gummelt.de\">datenschutz@hausarztpraxis-gummelt.de<\/a><br>oder<br>betrieblicher Datenschutzbeauftragter<br>-pers\u00f6nlich-<br>Hausarztpraxis Frank Gummelt<br>Rathergasse 8<br>53894 Mechernich<br><\/p>\n\n\n\n<h3 class=\"wp-block-heading\" id=\"1-bereitstellung-der-website-und-erstellung-von-protokoll-oder-log-dateien\">1. Bereitstellung der Website und Erstellung von Protokoll- oder Log-Dateien<\/h3>\n\n\n\n<p>Das Internetangebot der Hausarztpraxis Gummelt wird bei Host Europe Gmbh gehostet.<br>Host Europe GmbH<br>Hansestr. 111<br>51149 K\u00f6ln<br><br><a href=\"https:\/\/www.hosteurope.de\/\">https:\/\/www.hosteurope.de\/<\/a><br><br>Host Europre empf\u00e4ngt zu diesem Zweck die unten genannten Daten.<br><\/p>\n\n\n\n<h4 class=\"wp-block-heading\" id=\"welche-daten-werden-verarbeitet\">Welche Daten werden verarbeitet?<\/h4>\n\n\n\n<p>Bei jedem Zugriff auf Inhalte des Internetangebotes werden dort vor\u00fcbergehend Daten \u00fcber sogenannte Protokoll- oder Log-Dateien gespeichert, die m\u00f6glicherweise eine Identifizierung zulassen. Die folgenden Daten werden hierbei erhoben:<\/p>\n\n\n\n<ul class=\"has-text-color has-medium-font-size wp-block-list\" style=\"color:#f2dd00\"><li>&#8211; Datum und Uhrzeit des Abrufs<\/li><li>&#8211; Name des aufgerufenen Internetdienstes, der aufgerufenen Ressource und der verwendeten Aktion<\/li><li>&#8211; Abfrage, die der Client gestellt hat<\/li><li>&#8211; \u00fcbertragene Datenmenge<\/li><li>&#8211; Meldung, ob der Abruf erfolgreich war<\/li><li>&#8211; IP-Adresse des aufrufenden Rechners<\/li><li>&#8211; Clientinformationen (u.a. Browser, Betriebssystem)<\/li><\/ul>\n\n\n\n<h4 class=\"wp-block-heading\" id=\"auf-welcher-rechtsgrundlage-werden-diese-daten-verarbeitet\">Auf welcher Rechtsgrundlage werden diese Daten verarbeitet?<\/h4>\n\n\n\n<p>Rechtsgrundlage f\u00fcr die vor\u00fcbergehende Speicherung der Daten ist Art. 6 Abs. 1 lit. e DS-GVO i.V.m. \u00a7 3 Abs. 1 NRWDSAnpUG-EU.<\/p>\n\n\n\n<h3 class=\"wp-block-heading\" id=\"2-zweck-der-datenverarbeitung\">2. Zweck der Datenverarbeitung<\/h3>\n\n\n\n<h4 class=\"wp-block-heading\" id=\"zu-welchen-zwecken-erfolgt-die-verarbeitung\">Zu welchen Zwecken erfolgt die Verarbeitung?<\/h4>\n\n\n\n<p>Die Daten aus den Protokoll- bzw. Logdateien dienen zur Sicherstellung der Funktionsf\u00e4higkeit der Website. Zudem dienen sie zur Abwehr und Analyse von Angriffen. In diesen Zwecken liegt auch unser berechtigtes Interesse an der Datenverarbeitung.<\/p>\n\n\n\n<h4 class=\"wp-block-heading\" id=\"wie-lange-werden-die-daten-gespeichert\">Wie lange werden die Daten gespeichert?<\/h4>\n\n\n\n<p>Die Daten werden bis zu 48 Stunden direkt und ausschlie\u00dflich f\u00fcr Administratoren zug\u00e4nglich aufbewahrt. Danach sind sie nur noch indirekt \u00fcber die Rekonstruktion von Sicherungsb\u00e4ndern verf\u00fcgbar und werden nach sechs Wochen endg\u00fcltig gel\u00f6scht.<\/p>\n\n\n\n<h3 class=\"wp-block-heading\" id=\"3-ihre-rechte\">3. Ihre Rechte<\/h3>\n\n\n\n<p>Sie haben das Recht, \u00fcber die Sie betreffenden personenbezogenen Daten Auskunft zu erhalten sowie erteilte Einwilligungen mit Wirkung f\u00fcr die Zukunft zu widerrufen. Auch k\u00f6nnen Sie die Berichtigung unrichtiger Daten verlangen.<\/p>\n\n\n\n<p>Dar\u00fcber hinaus steht Ihnen unter bestimmten Voraussetzungen das Recht auf L\u00f6schung von Daten, das Recht auf Einschr\u00e4nkung der Datenverarbeitung sowie das Recht auf Daten\u00fcbertragbarkeit zu.<\/p>\n\n\n\n<p>Die Verarbeitung Ihrer Daten erfolgt auf Basis von gesetzlichen Regelungen. Nur in Ausnahmef\u00e4llen ben\u00f6tigen wir Ihr Einverst\u00e4ndnis. In diesen F\u00e4llen haben Sie das Recht, die Einwilligung f\u00fcr die zuk\u00fcnftige Verarbeitung zu widerrufen.<\/p>\n\n\n\n<p>Sie haben ferner das Recht, sich bei der zust\u00e4ndigen Aufsichtsbeh\u00f6rde f\u00fcr den Datenschutz zu beschweren, wenn Sie der Ansicht sind, dass die Verarbeitung Ihrer personenbezogenen Daten nicht rechtm\u00e4\u00dfig erfolgt.<\/p>\n\n\n\n<p>Die Anschrift der f\u00fcr uns zust\u00e4ndigen Aufsichtsbeh\u00f6rde lautet:<br>Die Landesbeauftragte f\u00fcr Datenschutz und Informationsfreiheit NRW (LDI), Kavalleriestra\u00dfe 2\u20104, 40213 D\u00fcsseldorf, Telefon: 0211\/384240<\/p>\n\n\n\n<h3 class=\"wp-block-heading\" id=\"4-rechtsgrundlage\">4. Rechtsgrundlage<\/h3>\n\n\n\n<p>Rechtsgrundlage f\u00fcr die Verarbeitung Ihrer Daten ist Artikel 6 Absatz 1 Satz 1 DSGVO. Sollten Sie Fragen haben, k\u00f6nnen Sie sich gern an uns (siehe unter Ziff. 1.) wenden.<\/p>\n","protected":false},"excerpt":{"rendered":"<p>Datenschutzerkl\u00e4rung der Hausarztpraxis Frank Gummelt Sehr geehrte Damen und Herren, sehr geehrte Patientinnen und Patienten, der Schutz Ihrer personenbezogenen Daten ist uns wichtig. Nach der EU\u2010Datenschutzgrundverordnung (DSGVO), Bundesdatenschutzgesetz (BDSG) und Telemediengesetz (TMG) sind wir verpflichtet, Sie dar\u00fcber zu informieren, zu welchem Zweck auf unserer Homepage personenbezogene Daten erhoben und verwendet werden, auf welche Art dies [&hellip;]<\/p>\n","protected":false},"author":1,"featured_media":0,"parent":155,"menu_order":0,"comment_status":"closed","ping_status":"closed","template":"","meta":{"footnotes":""},"class_list":["post-54","page","type-page","status-publish","hentry"],"_links":{"self":[{"href":"https:\/\/www.hausarztpraxis-gummelt.de\/index.php\/wp-json\/wp\/v2\/pages\/54","targetHints":{"allow":["GET"]}}],"collection":[{"href":"https:\/\/www.hausarztpraxis-gummelt.de\/index.php\/wp-json\/wp\/v2\/pages"}],"about":[{"href":"https:\/\/www.hausarztpraxis-gummelt.de\/index.php\/wp-json\/wp\/v2\/types\/page"}],"author":[{"embeddable":true,"href":"https:\/\/www.hausarztpraxis-gummelt.de\/index.php\/wp-json\/wp\/v2\/users\/1"}],"replies":[{"embeddable":true,"href":"https:\/\/www.hausarztpraxis-gummelt.de\/index.php\/wp-json\/wp\/v2\/comments?post=54"}],"version-history":[{"count":9,"href":"https:\/\/www.hausarztpraxis-gummelt.de\/index.php\/wp-json\/wp\/v2\/pages\/54\/revisions"}],"predecessor-version":[{"id":403,"href":"https:\/\/www.hausarztpraxis-gummelt.de\/index.php\/wp-json\/wp\/v2\/pages\/54\/revisions\/403"}],"up":[{"embeddable":true,"href":"https:\/\/www.hausarztpraxis-gummelt.de\/index.php\/wp-json\/wp\/v2\/pages\/155"}],"wp:attachment":[{"href":"https:\/\/www.hausarztpraxis-gummelt.de\/index.php\/wp-json\/wp\/v2\/media?parent=54"}],"curies":[{"name":"wp","href":"https:\/\/api.w.org\/{rel}","templated":true}]}}