{"id":2,"date":"2022-01-29T19:03:00","date_gmt":"2022-01-29T19:03:00","guid":{"rendered":"http:\/\/wp12778310.server-he.de\/?page_id=2"},"modified":"2026-01-05T19:35:19","modified_gmt":"2026-01-05T18:35:19","slug":"sample-page","status":"publish","type":"page","link":"https:\/\/www.hausarztpraxis-gummelt.de\/","title":{"rendered":"Startseite"},"content":{"rendered":"\n<div class=\"wp-block-buttons is-content-justification-left is-layout-flex wp-container-core-buttons-is-layout-45245d17 wp-block-buttons-is-layout-flex\">\n<div class=\"wp-block-button has-custom-width wp-block-button__width-100 is-style-fill\"><a class=\"wp-block-button__link has-background has-small-font-size has-text-align-left has-custom-font-size wp-element-button\" href=\"https:\/\/www.doctolib.de\/einzelpraxis\/mechernich\/hausarztpraxis-gummelt?utm_campaign=website-button&amp;utm_source=hausarztpraxis-gummelt-website-button&amp;utm_medium=referral&amp;utm_content=option-8&amp;utm_term=hausarztpraxis-gummelt\" style=\"border-radius:0px;background-color:#111191\" target=\"_blank\" rel=\"noopener noreferrer\"> <img loading=\"lazy\" decoding=\"async\" width=\"200\" height=\"102\" class=\"wp-image-807\" style=\"width: 200px;\" src=\"https:\/\/www.hausarztpraxis-gummelt.de\/wp-content\/uploads\/2023\/01\/doctolib.png\" alt=\"\" srcset=\"https:\/\/www.hausarztpraxis-gummelt.de\/wp-content\/uploads\/2023\/01\/doctolib.png 616w, https:\/\/www.hausarztpraxis-gummelt.de\/wp-content\/uploads\/2023\/01\/doctolib-300x153.png 300w\" sizes=\"auto, (max-width: 200px) 100vw, 200px\" \/><span style=\"color:#f2dd00\"><span style=\"font-size:18px\"><br> Termin online buchen<\/span><\/span><\/a><\/div>\n<\/div>\n\n\n\n<div class=\"wp-block-group\"><div class=\"wp-block-group__inner-container is-layout-constrained wp-block-group-is-layout-constrained\">\n<div class=\"wp-block-columns is-layout-flex wp-container-core-columns-is-layout-9d6595d7 wp-block-columns-is-layout-flex\">\n<div class=\"wp-block-column is-layout-flow wp-block-column-is-layout-flow\" style=\"flex-basis:100%\">\n<div class=\"wp-block-cover alignwide is-light\"><span aria-hidden=\"true\" class=\"wp-block-cover__background has-background-dim has-background-gradient\" style=\"background:linear-gradient(135deg,rgb(6,147,227) 0%,rgb(255,255,255) 19%,rgb(155,81,224) 100%)\"><\/span><div class=\"wp-block-cover__inner-container is-layout-flow wp-block-cover-is-layout-flow\">\n<div class=\"wp-block-group alignwide is-vertical is-layout-flex wp-container-core-group-is-layout-8cf370e7 wp-block-group-is-layout-flex\">\n<div class=\"wp-block-group alignwide is-vertical is-layout-flex wp-container-core-group-is-layout-8cf370e7 wp-block-group-is-layout-flex\"><div\n\t\tclass=\"free alignwide alignwide wp-block-ap-block-posts\"\tid='apbAdvancedPosts-1'\n\tdata-nonce='&quot;d237b91153&quot;'\n\tdata-attributes='{&quot;postsPerPage&quot;:6,&quot;contentPadding&quot;:{&quot;vertical&quot;:&quot;20px&quot;,&quot;horizontal&quot;:&quot;25px&quot;,&quot;side&quot;:2,&quot;top&quot;:&quot;20px&quot;,&quot;right&quot;:&quot;25px&quot;,&quot;bottom&quot;:&quot;20px&quot;,&quot;left&quot;:&quot;25px&quot;},&quot;titleColor&quot;:&quot;#ffffff&quot;,&quot;isMeta&quot;:false,&quot;isMetaAuthor&quot;:false,&quot;isMetaDate&quot;:false,&quot;isMetaCategory&quot;:false,&quot;excerptLength&quot;:29,&quot;excerptColor&quot;:&quot;#ffffff&quot;,&quot;readMoreLabel&quot;:&quot;Weiterlesen&quot;,&quot;readMoreColors&quot;:{&quot;color&quot;:&quot;#ffffff&quot;,&quot;bg&quot;:&quot;rgba(17, 17, 145, 1)&quot;},&quot;readMoreHovColors&quot;:{&quot;color&quot;:&quot;#fff&quot;,&quot;bg&quot;:&quot;rgba(242, 221, 0, 1)&quot;},&quot;align&quot;:&quot;wide&quot;,&quot;layout&quot;:&quot;grid&quot;,&quot;subLayout&quot;:&quot;default&quot;,&quot;columns&quot;:{&quot;desktop&quot;:3,&quot;tablet&quot;:2,&quot;mobile&quot;:1},&quot;columnGap&quot;:15,&quot;rowGap&quot;:15,&quot;isContentEqualHight&quot;:true,&quot;sliderHeight&quot;:&quot;350px&quot;,&quot;content&quot;:{&quot;height&quot;:&quot;auto&quot;},&quot;postType&quot;:&quot;post&quot;,&quot;selectedTaxonomies&quot;:[],&quot;selectedCategories&quot;:[],&quot;selectedTags&quot;:[],&quot;isPostsPerPageAll&quot;:false,&quot;postsOrderBy&quot;:&quot;date&quot;,&quot;postsOrder&quot;:&quot;desc&quot;,&quot;postsOffset&quot;:0,&quot;postsInclude&quot;:[],&quot;postsExclude&quot;:[],&quot;isExcludeCurrent&quot;:false,&quot;isPagination&quot;:false,&quot;paginationPrevLabel&quot;:&quot;Prev&quot;,&quot;paginationNextLabel&quot;:&quot;Next&quot;,&quot;paginationColors&quot;:{&quot;color&quot;:&quot;#fff&quot;,&quot;bg&quot;:&quot;#146EF5&quot;},&quot;paginationHovColors&quot;:{&quot;color&quot;:&quot;#fff&quot;,&quot;bg&quot;:&quot;#070127&quot;},&quot;paginationPadding&quot;:{&quot;vertical&quot;:&quot;8px&quot;,&quot;horizontal&quot;:&quot;15px&quot;},&quot;paginationSpacing&quot;:&quot;15px&quot;,&quot;contentAlign&quot;:&quot;left&quot;,&quot;contentBG&quot;:{&quot;color&quot;:&quot;&quot;},&quot;border&quot;:{&quot;width&quot;:&quot;1px&quot;,&quot;color&quot;:&quot;#0c0d3c1a&quot;,&quot;radius&quot;:&quot;5px&quot;},&quot;sliderIsLoop&quot;:true,&quot;sliderIsTouchMove&quot;:false,&quot;sliderIsAutoplay&quot;:true,&quot;sliderAutoplayOptions&quot;:{&quot;delay&quot;:1.5},&quot;sliderSpeed&quot;:1.5,&quot;sliderEffect&quot;:&quot;slide&quot;,&quot;sliderIsPage&quot;:true,&quot;sliderIsPageClickable&quot;:true,&quot;sliderIsPageDynamic&quot;:true,&quot;sliderPageColor&quot;:&quot;#146EF5&quot;,&quot;sliderPageWidth&quot;:&quot;15px&quot;,&quot;sliderPageHeight&quot;:&quot;15px&quot;,&quot;sliderPageBorder&quot;:{&quot;radius&quot;:&quot;50%&quot;},&quot;sliderIsPrevNext&quot;:true,&quot;sliderPrevNextColor&quot;:&quot;#146EF5&quot;,&quot;tickerDirection&quot;:&quot;up&quot;,&quot;tickerSpeed&quot;:&quot;slow&quot;,&quot;tickerInterval&quot;:2000,&quot;tickerHeight&quot;:&quot;0px&quot;,&quot;tickerVisible&quot;:3,&quot;tickerIsMousePause&quot;:true,&quot;elementsSort&quot;:[&quot;title&quot;,&quot;meta&quot;],&quot;isFImg&quot;:true,&quot;fImgSize&quot;:&quot;full&quot;,&quot;fImgFitting&quot;:&quot;cover&quot;,&quot;isFImgLink&quot;:false,&quot;isTitle&quot;:true,&quot;isTitleLink&quot;:true,&quot;titleTypo&quot;:{&quot;fontFamily&quot;:&quot;Roboto&quot;,&quot;fontSize&quot;:{&quot;desktop&quot;:&quot;25px&quot;,&quot;tablet&quot;:&quot;22px&quot;,&quot;mobile&quot;:&quot;20px&quot;},&quot;googleFontLink&quot;:&quot;https:\\\/\\\/fonts.googleapis.com\\\/css2?family=Roboto&amp;display=swap&quot;},&quot;titleMargin&quot;:{&quot;side&quot;:4,&quot;bottom&quot;:&quot;15px&quot;},&quot;isMetaAuthorLink&quot;:true,&quot;metaAuthorIcon&quot;:&quot;&quot;,&quot;metaDateFormat&quot;:&quot;M j, Y&quot;,&quot;metaDateIcon&quot;:&quot;&quot;,&quot;metaCategoryIn&quot;:&quot;content&quot;,&quot;metaCategoryIcon&quot;:&quot;&quot;,&quot;metaTaxonomies&quot;:{&quot;selected&quot;:[]},&quot;isMetaReadTime&quot;:false,&quot;metaReadTimeIcon&quot;:&quot;&quot;,&quot;isMetaReadTimeSec&quot;:false,&quot;metaReadTimeLabel&quot;:&quot;Min read&quot;,&quot;isMetaComment&quot;:false,&quot;metaCommentIcon&quot;:&quot;&quot;,&quot;metaTypo&quot;:{&quot;fontSize&quot;:{&quot;desktop&quot;:&quot;13px&quot;},&quot;textTransform&quot;:&quot;uppercase&quot;},&quot;metaTextColor&quot;:&quot;&quot;,&quot;metaLinkColor&quot;:&quot;#146EF5&quot;,&quot;metaIconColor&quot;:&quot;&quot;,&quot;metaColorsOnImage&quot;:{&quot;color&quot;:&quot;#fff&quot;,&quot;bg&quot;:&quot;#146EF5&quot;},&quot;metaMargin&quot;:{&quot;side&quot;:4,&quot;bottom&quot;:&quot;15px&quot;},&quot;isExcerpt&quot;:true,&quot;isExcerptFromContent&quot;:false,&quot;isEllipsisOnExcerpt&quot;:false,&quot;excerptAlign&quot;:&quot;justify&quot;,&quot;excerptTypo&quot;:{&quot;fontSize&quot;:{&quot;desktop&quot;:&quot;15px&quot;}},&quot;excerptMargin&quot;:{&quot;side&quot;:4,&quot;bottom&quot;:&quot;10px&quot;},&quot;isReadMore&quot;:true,&quot;readMorePosition&quot;:&quot;auto&quot;,&quot;isLinkNewTab&quot;:false,&quot;readMoreAlign&quot;:&quot;left&quot;,&quot;readMoreTypo&quot;:{&quot;fontSize&quot;:{&quot;desktop&quot;:&quot;14px&quot;},&quot;textTransform&quot;:&quot;uppercase&quot;,&quot;fontWeight&quot;:600},&quot;readMorePadding&quot;:{&quot;vertical&quot;:&quot;12px&quot;,&quot;horizontal&quot;:&quot;35px&quot;},&quot;readMoreBorder&quot;:{&quot;radius&quot;:&quot;3px&quot;}}'\n\tdata-extra='{&quot;totalPosts&quot;:5}'\n\tdata-pipecheck=''\n>\n\t<pre id='firstPosts'>\n\t\t[{&quot;id&quot;:964,&quot;link&quot;:&quot;https:\\\/\\\/www.hausarztpraxis-gummelt.de\\\/index.php\\\/2025\\\/04\\\/24\\\/behandlung-von-jugendlichen-ab-12-jahren-moeglich\\\/&quot;,&quot;name&quot;:&quot;behandlung-von-jugendlichen-ab-12-jahren-moeglich&quot;,&quot;thumbnail&quot;:{&quot;url&quot;:false,&quot;alt&quot;:false},&quot;title&quot;:&quot;Behandlung von Jugendlichen ab 12 Jahren m\\u00f6glich&quot;,&quot;postMeta&quot;:[],&quot;author&quot;:{&quot;name&quot;:&quot;adminderhomepage&quot;,&quot;link&quot;:&quot;https:\\\/\\\/www.hausarztpraxis-gummelt.de\\\/index.php\\\/author\\\/adminderhomepage\\\/&quot;},&quot;date&quot;:&quot;Apr. 24, 2025&quot;,&quot;dateGMT&quot;:&quot;2025-04-24 09:03:29&quot;,&quot;modifiedDate&quot;:&quot;2025-04-24 10:04:15&quot;,&quot;modifiedDateGMT&quot;:&quot;2025-04-24 09:04:15&quot;,&quot;commentCount&quot;:&quot;0&quot;,&quot;commentStatus&quot;:&quot;closed&quot;,&quot;categories&quot;:{&quot;coma&quot;:&quot;&lt;a href=\\&quot;https:\\\/\\\/www.hausarztpraxis-gummelt.de\\\/index.php\\\/category\\\/information\\\/\\&quot; rel=\\&quot;category tag\\&quot;&gt;Information&lt;\\\/a&gt;&quot;,&quot;space&quot;:&quot;&lt;a href=\\&quot;https:\\\/\\\/www.hausarztpraxis-gummelt.de\\\/index.php\\\/category\\\/information\\\/\\&quot; rel=\\&quot;category tag\\&quot;&gt;Information&lt;\\\/a&gt;&quot;},&quot;taxonomies&quot;:{&quot;post_tag&quot;:&quot;&quot;},&quot;readTime&quot;:{&quot;min&quot;:0,&quot;sec&quot;:23},&quot;status&quot;:&quot;publish&quot;,&quot;excerpt&quot;:&quot;&quot;},{&quot;id&quot;:925,&quot;link&quot;:&quot;https:\\\/\\\/www.hausarztpraxis-gummelt.de\\\/index.php\\\/2024\\\/11\\\/11\\\/aenderungen-in-der-telefonischen-erreichbarkeit-ab-dem-01-12\\\/&quot;,&quot;name&quot;:&quot;aenderungen-in-der-telefonischen-erreichbarkeit-ab-dem-01-12&quot;,&quot;thumbnail&quot;:{&quot;url&quot;:false,&quot;alt&quot;:false},&quot;title&quot;:&quot;\\u00c4nderungen in der telefonischen Erreichbarkeit ab dem 01.02.2025&quot;,&quot;postMeta&quot;:[],&quot;author&quot;:{&quot;name&quot;:&quot;adminderhomepage&quot;,&quot;link&quot;:&quot;https:\\\/\\\/www.hausarztpraxis-gummelt.de\\\/index.php\\\/author\\\/adminderhomepage\\\/&quot;},&quot;date&quot;:&quot;Nov. 11, 2024&quot;,&quot;dateGMT&quot;:&quot;2024-11-11 16:31:18&quot;,&quot;modifiedDate&quot;:&quot;2025-01-30 09:04:14&quot;,&quot;modifiedDateGMT&quot;:&quot;2025-01-30 08:04:14&quot;,&quot;commentCount&quot;:&quot;0&quot;,&quot;commentStatus&quot;:&quot;closed&quot;,&quot;categories&quot;:{&quot;coma&quot;:&quot;&lt;a href=\\&quot;https:\\\/\\\/www.hausarztpraxis-gummelt.de\\\/index.php\\\/category\\\/uncategorized\\\/\\&quot; rel=\\&quot;category tag\\&quot;&gt;Uncategorized&lt;\\\/a&gt;&quot;,&quot;space&quot;:&quot;&lt;a href=\\&quot;https:\\\/\\\/www.hausarztpraxis-gummelt.de\\\/index.php\\\/category\\\/uncategorized\\\/\\&quot; rel=\\&quot;category tag\\&quot;&gt;Uncategorized&lt;\\\/a&gt;&quot;},&quot;taxonomies&quot;:{&quot;post_tag&quot;:&quot;&quot;},&quot;readTime&quot;:{&quot;min&quot;:0,&quot;sec&quot;:10},&quot;status&quot;:&quot;publish&quot;,&quot;excerpt&quot;:&quot;&quot;},{&quot;id&quot;:906,&quot;link&quot;:&quot;https:\\\/\\\/www.hausarztpraxis-gummelt.de\\\/index.php\\\/2024\\\/01\\\/28\\\/wichtige-information-zur-akutsprechstunde\\\/&quot;,&quot;name&quot;:&quot;wichtige-information-zur-akutsprechstunde&quot;,&quot;thumbnail&quot;:{&quot;url&quot;:false,&quot;alt&quot;:false},&quot;title&quot;:&quot;Wichtige Information zur Akutsprechstunde&quot;,&quot;postMeta&quot;:[],&quot;author&quot;:{&quot;name&quot;:&quot;adminderhomepage&quot;,&quot;link&quot;:&quot;https:\\\/\\\/www.hausarztpraxis-gummelt.de\\\/index.php\\\/author\\\/adminderhomepage\\\/&quot;},&quot;date&quot;:&quot;Jan. 28, 2024&quot;,&quot;dateGMT&quot;:&quot;2024-01-28 18:18:26&quot;,&quot;modifiedDate&quot;:&quot;2024-01-28 19:18:28&quot;,&quot;modifiedDateGMT&quot;:&quot;2024-01-28 18:18:28&quot;,&quot;commentCount&quot;:&quot;0&quot;,&quot;commentStatus&quot;:&quot;closed&quot;,&quot;categories&quot;:{&quot;coma&quot;:&quot;&lt;a href=\\&quot;https:\\\/\\\/www.hausarztpraxis-gummelt.de\\\/index.php\\\/category\\\/information\\\/\\&quot; rel=\\&quot;category tag\\&quot;&gt;Information&lt;\\\/a&gt;&quot;,&quot;space&quot;:&quot;&lt;a href=\\&quot;https:\\\/\\\/www.hausarztpraxis-gummelt.de\\\/index.php\\\/category\\\/information\\\/\\&quot; rel=\\&quot;category tag\\&quot;&gt;Information&lt;\\\/a&gt;&quot;},&quot;taxonomies&quot;:{&quot;post_tag&quot;:&quot;&quot;},&quot;readTime&quot;:{&quot;min&quot;:0,&quot;sec&quot;:18},&quot;status&quot;:&quot;publish&quot;,&quot;excerpt&quot;:&quot;&quot;},{&quot;id&quot;:790,&quot;link&quot;:&quot;https:\\\/\\\/www.hausarztpraxis-gummelt.de\\\/index.php\\\/2023\\\/11\\\/19\\\/wichtige-hinweise-rezeptbestellungen-e-rezept\\\/&quot;,&quot;name&quot;:&quot;wichtige-hinweise-rezeptbestellungen-e-rezept&quot;,&quot;thumbnail&quot;:{&quot;url&quot;:&quot;https:\\\/\\\/www.hausarztpraxis-gummelt.de\\\/wp-content\\\/uploads\\\/2023\\\/11\\\/Screenshot-2023-11-19-194420.png&quot;,&quot;alt&quot;:&quot;&quot;},&quot;title&quot;:&quot;wichtige Hinweise Rezeptbestellungen (e-Rezept)&quot;,&quot;postMeta&quot;:[],&quot;author&quot;:{&quot;name&quot;:&quot;adminderhomepage&quot;,&quot;link&quot;:&quot;https:\\\/\\\/www.hausarztpraxis-gummelt.de\\\/index.php\\\/author\\\/adminderhomepage\\\/&quot;},&quot;date&quot;:&quot;Nov. 19, 2023&quot;,&quot;dateGMT&quot;:&quot;2023-11-19 18:21:03&quot;,&quot;modifiedDate&quot;:&quot;2023-11-19 19:45:42&quot;,&quot;modifiedDateGMT&quot;:&quot;2023-11-19 18:45:42&quot;,&quot;commentCount&quot;:&quot;0&quot;,&quot;commentStatus&quot;:&quot;closed&quot;,&quot;categories&quot;:{&quot;coma&quot;:&quot;&lt;a href=\\&quot;https:\\\/\\\/www.hausarztpraxis-gummelt.de\\\/index.php\\\/category\\\/information\\\/\\&quot; rel=\\&quot;category tag\\&quot;&gt;Information&lt;\\\/a&gt;&quot;,&quot;space&quot;:&quot;&lt;a href=\\&quot;https:\\\/\\\/www.hausarztpraxis-gummelt.de\\\/index.php\\\/category\\\/information\\\/\\&quot; rel=\\&quot;category tag\\&quot;&gt;Information&lt;\\\/a&gt;&quot;},&quot;taxonomies&quot;:{&quot;post_tag&quot;:&quot;&quot;},&quot;readTime&quot;:{&quot;min&quot;:0,&quot;sec&quot;:45},&quot;status&quot;:&quot;publish&quot;,&quot;excerpt&quot;:&quot;&quot;},{&quot;id&quot;:805,&quot;link&quot;:&quot;https:\\\/\\\/www.hausarztpraxis-gummelt.de\\\/index.php\\\/2023\\\/01\\\/21\\\/online-termine-ueber-doctolib-buchbar\\\/&quot;,&quot;name&quot;:&quot;online-termine-ueber-doctolib-buchbar&quot;,&quot;thumbnail&quot;:{&quot;url&quot;:&quot;https:\\\/\\\/www.hausarztpraxis-gummelt.de\\\/wp-content\\\/uploads\\\/2023\\\/01\\\/doctolib.png&quot;,&quot;alt&quot;:&quot;&quot;},&quot;title&quot;:&quot;Online Termine \\u00fcber Doctolib buchbar&quot;,&quot;postMeta&quot;:[],&quot;author&quot;:{&quot;name&quot;:&quot;adminderhomepage&quot;,&quot;link&quot;:&quot;https:\\\/\\\/www.hausarztpraxis-gummelt.de\\\/index.php\\\/author\\\/adminderhomepage\\\/&quot;},&quot;date&quot;:&quot;Jan. 21, 2023&quot;,&quot;dateGMT&quot;:&quot;2023-01-21 18:34:00&quot;,&quot;modifiedDate&quot;:&quot;2023-11-19 19:36:38&quot;,&quot;modifiedDateGMT&quot;:&quot;2023-11-19 18:36:38&quot;,&quot;commentCount&quot;:&quot;0&quot;,&quot;commentStatus&quot;:&quot;closed&quot;,&quot;categories&quot;:{&quot;coma&quot;:&quot;&lt;a href=\\&quot;https:\\\/\\\/www.hausarztpraxis-gummelt.de\\\/index.php\\\/category\\\/information\\\/\\&quot; rel=\\&quot;category tag\\&quot;&gt;Information&lt;\\\/a&gt;&quot;,&quot;space&quot;:&quot;&lt;a href=\\&quot;https:\\\/\\\/www.hausarztpraxis-gummelt.de\\\/index.php\\\/category\\\/information\\\/\\&quot; rel=\\&quot;category tag\\&quot;&gt;Information&lt;\\\/a&gt;&quot;},&quot;taxonomies&quot;:{&quot;post_tag&quot;:&quot;&quot;},&quot;readTime&quot;:{&quot;min&quot;:0,&quot;sec&quot;:6},&quot;status&quot;:&quot;publish&quot;,&quot;excerpt&quot;:&quot;&quot;}]\t<\/pre>\n\n\t\t\t\t<div class='apbLoadingPlaceholder' id='apbLoadingPlaceholder-2'>\n\t\t\t\t\t\t\t\t\t\t<div class='apbGridPosts columns-3 columns-tablet-2 columns-mobile-1'>\n\t\t\t\t\t\t\t<article class='apbPost'>\n\t\t\t<span class='apbLoadingItem apbThumb'><\/span>\n\t\t\t\n\t\t\t<div class='apbText'>\n\t\t\t\t<div class='apbTitle'>\n\t\t\t\t\t<span class='apbLoadingItem'><\/span>\n\t\t\t\t\t<span class='apbLoadingItem'><\/span>\n\t\t\t\t<\/div>\n\t\t\t\t<div class='apbMeta'>\n\t\t\t\t\t<span class='apbLoadingItem'><\/span>\n\t\t\t\t<\/div>\n\t\t\t\t<div class='apbExcerpt'>\n\t\t\t\t\t<span class='apbLoadingItem'><\/span>\n\t\t\t\t\t<span class='apbLoadingItem'><\/span>\n\t\t\t\t\t<span class='apbLoadingItem'><\/span>\n\t\t\t\t\t<span class='apbLoadingItem'><\/span>\n\t\t\t\t<\/div>\n\t\t\t\t<div class='apbReadMore'>\n\t\t\t\t\t<span class='apbLoadingItem'><\/span>\n\t\t\t\t<\/div>\n\t\t\t<\/div>\n\t\t<\/article><article class='apbPost'>\n\t\t\t<span class='apbLoadingItem apbThumb'><\/span>\n\t\t\t\n\t\t\t<div class='apbText'>\n\t\t\t\t<div class='apbTitle'>\n\t\t\t\t\t<span class='apbLoadingItem'><\/span>\n\t\t\t\t\t<span class='apbLoadingItem'><\/span>\n\t\t\t\t<\/div>\n\t\t\t\t<div class='apbMeta'>\n\t\t\t\t\t<span class='apbLoadingItem'><\/span>\n\t\t\t\t<\/div>\n\t\t\t\t<div class='apbExcerpt'>\n\t\t\t\t\t<span class='apbLoadingItem'><\/span>\n\t\t\t\t\t<span class='apbLoadingItem'><\/span>\n\t\t\t\t\t<span class='apbLoadingItem'><\/span>\n\t\t\t\t\t<span class='apbLoadingItem'><\/span>\n\t\t\t\t<\/div>\n\t\t\t\t<div class='apbReadMore'>\n\t\t\t\t\t<span class='apbLoadingItem'><\/span>\n\t\t\t\t<\/div>\n\t\t\t<\/div>\n\t\t<\/article><article class='apbPost'>\n\t\t\t<span class='apbLoadingItem apbThumb'><\/span>\n\t\t\t\n\t\t\t<div class='apbText'>\n\t\t\t\t<div class='apbTitle'>\n\t\t\t\t\t<span class='apbLoadingItem'><\/span>\n\t\t\t\t\t<span class='apbLoadingItem'><\/span>\n\t\t\t\t<\/div>\n\t\t\t\t<div class='apbMeta'>\n\t\t\t\t\t<span class='apbLoadingItem'><\/span>\n\t\t\t\t<\/div>\n\t\t\t\t<div class='apbExcerpt'>\n\t\t\t\t\t<span class='apbLoadingItem'><\/span>\n\t\t\t\t\t<span class='apbLoadingItem'><\/span>\n\t\t\t\t\t<span class='apbLoadingItem'><\/span>\n\t\t\t\t\t<span class='apbLoadingItem'><\/span>\n\t\t\t\t<\/div>\n\t\t\t\t<div class='apbReadMore'>\n\t\t\t\t\t<span class='apbLoadingItem'><\/span>\n\t\t\t\t<\/div>\n\t\t\t<\/div>\n\t\t<\/article><article class='apbPost'>\n\t\t\t<span class='apbLoadingItem apbThumb'><\/span>\n\t\t\t\n\t\t\t<div class='apbText'>\n\t\t\t\t<div class='apbTitle'>\n\t\t\t\t\t<span class='apbLoadingItem'><\/span>\n\t\t\t\t\t<span class='apbLoadingItem'><\/span>\n\t\t\t\t<\/div>\n\t\t\t\t<div class='apbMeta'>\n\t\t\t\t\t<span class='apbLoadingItem'><\/span>\n\t\t\t\t<\/div>\n\t\t\t\t<div class='apbExcerpt'>\n\t\t\t\t\t<span class='apbLoadingItem'><\/span>\n\t\t\t\t\t<span class='apbLoadingItem'><\/span>\n\t\t\t\t\t<span class='apbLoadingItem'><\/span>\n\t\t\t\t\t<span class='apbLoadingItem'><\/span>\n\t\t\t\t<\/div>\n\t\t\t\t<div class='apbReadMore'>\n\t\t\t\t\t<span class='apbLoadingItem'><\/span>\n\t\t\t\t<\/div>\n\t\t\t<\/div>\n\t\t<\/article><article class='apbPost'>\n\t\t\t<span class='apbLoadingItem apbThumb'><\/span>\n\t\t\t\n\t\t\t<div class='apbText'>\n\t\t\t\t<div class='apbTitle'>\n\t\t\t\t\t<span class='apbLoadingItem'><\/span>\n\t\t\t\t\t<span class='apbLoadingItem'><\/span>\n\t\t\t\t<\/div>\n\t\t\t\t<div class='apbMeta'>\n\t\t\t\t\t<span class='apbLoadingItem'><\/span>\n\t\t\t\t<\/div>\n\t\t\t\t<div class='apbExcerpt'>\n\t\t\t\t\t<span class='apbLoadingItem'><\/span>\n\t\t\t\t\t<span class='apbLoadingItem'><\/span>\n\t\t\t\t\t<span class='apbLoadingItem'><\/span>\n\t\t\t\t\t<span class='apbLoadingItem'><\/span>\n\t\t\t\t<\/div>\n\t\t\t\t<div class='apbReadMore'>\n\t\t\t\t\t<span class='apbLoadingItem'><\/span>\n\t\t\t\t<\/div>\n\t\t\t<\/div>\n\t\t<\/article>\t\t\t\t\t\t<\/div>\n\t\t\t\t\t\t\t\t<\/div>\n\t\t<\/div><\/div>\n<\/div>\n<\/div><\/div>\n<\/div>\n<\/div>\n<\/div><\/div>\n\n\n\n<p class=\"has-medium-font-size\">Das Team der Hausarztpraxis Frank Gummelt freut sich Sie auf den Seiten seiner Web\u00adpr\u00e4senz begr\u00fc\u00dfen zu d\u00fcrfen und hei\u00dft Sie recht herzlich will\u00adkommen.<\/p>\n\n\n\n<p class=\"has-medium-font-size\">Die Hausarztpraxis Frank Gummelt ist eine internistisch gef\u00fchrte Hausarztpraxis, in der Ihre Gesundheit selbstverst\u00e4ndlich im Vordergrund steht. Neben der Behandlung akuter Erkrankungen und Beschwerden bieten wir auch Pr\u00e4ventionen (z.B. Gesund\u00adheits\u00adunter\u00adsuchung oder Haut\u00adkrebs\u00adscreening) an. Im Weiteren legen wir viel Wert auf qualifizierte Aus- und Fortbildung. In unseren Teambesprechungen bilden wir uns st\u00e4ndig fort. Unsere Praxis ist eine Ausbildungspraxis der <a href=\"http:\/\/www.medfak.uni-koeln.de\/\">Universit\u00e4t zu K\u00f6ln<\/a>&nbsp;<img decoding=\"async\" src=\"https:\/\/www.hausarztpraxis-gummelt.de\/resourcen\/extern.png\" alt=\"extern\"> im Fachgebiet der Allgemeinmedizin. Die Praxis wendet das Qualit\u00e4tsmanagement Nordrhein (qu.no) der <a href=\"http:\/\/www.kvno.de\/\">Kassen\u00e4rztlichen Vereinigung Nordrhein<\/a>&nbsp;<img decoding=\"async\" src=\"https:\/\/www.hausarztpraxis-gummelt.de\/resourcen\/extern.png\" alt=\"extern\"> (KVNO) an. <\/p>\n\n\n\n<p class=\"has-medium-font-size\">Auf unseren Webseiten k\u00f6nnen Sie uns besser kennen lernen und erhalten umfangreiche Informationen \u00fcber uns und unser Leistungsspektrum. <\/p>\n\n\n\n<p class=\"has-medium-font-size\">Ihr Team der Hausarztpraxis Frank Gummelt<\/p>\n","protected":false},"excerpt":{"rendered":"<p>Das Team der Hausarztpraxis Frank Gummelt freut sich Sie auf den Seiten seiner Web\u00adpr\u00e4senz begr\u00fc\u00dfen zu d\u00fcrfen und hei\u00dft Sie recht herzlich will\u00adkommen. Die Hausarztpraxis Frank Gummelt ist eine internistisch gef\u00fchrte Hausarztpraxis, in der Ihre Gesundheit selbstverst\u00e4ndlich im Vordergrund steht. Neben der Behandlung akuter Erkrankungen und Beschwerden bieten wir auch Pr\u00e4ventionen (z.B. Gesund\u00adheits\u00adunter\u00adsuchung oder Haut\u00adkrebs\u00adscreening) [&hellip;]<\/p>\n","protected":false},"author":1,"featured_media":0,"parent":0,"menu_order":-1,"comment_status":"closed","ping_status":"open","template":"","meta":{"footnotes":""},"class_list":["post-2","page","type-page","status-publish","hentry"],"_links":{"self":[{"href":"https:\/\/www.hausarztpraxis-gummelt.de\/index.php\/wp-json\/wp\/v2\/pages\/2","targetHints":{"allow":["GET"]}}],"collection":[{"href":"https:\/\/www.hausarztpraxis-gummelt.de\/index.php\/wp-json\/wp\/v2\/pages"}],"about":[{"href":"https:\/\/www.hausarztpraxis-gummelt.de\/index.php\/wp-json\/wp\/v2\/types\/page"}],"author":[{"embeddable":true,"href":"https:\/\/www.hausarztpraxis-gummelt.de\/index.php\/wp-json\/wp\/v2\/users\/1"}],"replies":[{"embeddable":true,"href":"https:\/\/www.hausarztpraxis-gummelt.de\/index.php\/wp-json\/wp\/v2\/comments?post=2"}],"version-history":[{"count":49,"href":"https:\/\/www.hausarztpraxis-gummelt.de\/index.php\/wp-json\/wp\/v2\/pages\/2\/revisions"}],"predecessor-version":[{"id":1025,"href":"https:\/\/www.hausarztpraxis-gummelt.de\/index.php\/wp-json\/wp\/v2\/pages\/2\/revisions\/1025"}],"wp:attachment":[{"href":"https:\/\/www.hausarztpraxis-gummelt.de\/index.php\/wp-json\/wp\/v2\/media?parent=2"}],"curies":[{"name":"wp","href":"https:\/\/api.w.org\/{rel}","templated":true}]}}